{"id":1075,"date":"2015-08-19T18:37:13","date_gmt":"2015-08-19T18:37:13","guid":{"rendered":"http:\/\/aloclick.com\/es\/?page_id=1075"},"modified":"2019-05-29T22:09:05","modified_gmt":"2019-05-30T01:09:05","slug":"hosting","status":"publish","type":"page","link":"https:\/\/aloclick.com\/es\/hosting\/","title":{"rendered":"Hosting"},"content":{"rendered":"[et_pb_section fb_built=&#8221;1&#8243; fullwidth=&#8221;on&#8221; custom_padding_last_edited=&#8221;on|desktop&#8221; _builder_version=&#8221;3.22.3&#8243; background_color=&#8221;#ffffff&#8221; background_image=&#8221;http:\/\/aloclick.com\/es\/wp-content\/uploads\/2014\/04\/fondo3.jpg&#8221; custom_padding_tablet=&#8221;50px|0|50px|0&#8243; padding_mobile=&#8221;off&#8221;][et_pb_fullwidth_header title=&#8221;SERVICIOS DE HOSTING PROFESIONAL&#8221; subhead=&#8221;Mas de 15 a\u00f1os proveyendo alojamiento web&#8221; content_max_width=&#8221;none&#8221; admin_label=&#8221;Fullwidth Header&#8221; _builder_version=&#8221;3.22.6&#8243; background_color=&#8221;rgba(255, 255, 255, 0)&#8221; background_layout=&#8221;light&#8221; button_one_text_size__hover_enabled=&#8221;off&#8221; button_two_text_size__hover_enabled=&#8221;off&#8221; button_one_text_color__hover_enabled=&#8221;off&#8221; button_two_text_color__hover_enabled=&#8221;off&#8221; button_one_border_width__hover_enabled=&#8221;off&#8221; button_two_border_width__hover_enabled=&#8221;off&#8221; button_one_border_color__hover_enabled=&#8221;off&#8221; button_two_border_color__hover_enabled=&#8221;off&#8221; button_one_border_radius__hover_enabled=&#8221;off&#8221; button_two_border_radius__hover_enabled=&#8221;off&#8221; button_one_letter_spacing__hover_enabled=&#8221;off&#8221; button_two_letter_spacing__hover_enabled=&#8221;off&#8221; button_one_bg_color__hover_enabled=&#8221;off&#8221; button_two_bg_color__hover_enabled=&#8221;off&#8221; title_font_size=&#8221;39px&#8221; title_font=&#8221;Cuprum||||||||&#8221; subhead_font=&#8221;||||||||&#8221; subhead_font_size=&#8221;22px&#8221; subhead_text_color=&#8221;#000000&#8243;][\/et_pb_fullwidth_header][\/et_pb_section][et_pb_section fb_built=&#8221;1&#8243; custom_padding_last_edited=&#8221;on|desktop&#8221; _builder_version=&#8221;3.22.3&#8243; custom_padding_tablet=&#8221;50px|0|50px|0&#8243; padding_mobile=&#8221;off&#8221;][et_pb_row padding_mobile=&#8221;off&#8221; column_padding_mobile=&#8221;on&#8221; _builder_version=&#8221;3.22.3&#8243; background_size=&#8221;initial&#8221; background_position=&#8221;top_left&#8221; background_repeat=&#8221;repeat&#8221;][et_pb_column type=&#8221;1_2&#8243; _builder_version=&#8221;3.0.47&#8243;][et_pb_image src=&#8221;http:\/\/aloclick.com\/es\/wp-content\/uploads\/2015\/08\/hosting.jpg&#8221; admin_label=&#8221;Image&#8221; _builder_version=&#8221;3.0.74&#8243; animation_style=&#8221;slide&#8221; animation_direction=&#8221;left&#8221; animation_duration=&#8221;500ms&#8221; animation_intensity_slide=&#8221;10%&#8221;][\/et_pb_image][\/et_pb_column][et_pb_column type=&#8221;1_2&#8243; _builder_version=&#8221;3.0.47&#8243;][et_pb_text admin_label=&#8221;Text&#8221; _builder_version=&#8221;3.0.74&#8243; background_size=&#8221;initial&#8221; background_position=&#8221;top_left&#8221; background_repeat=&#8221;repeat&#8221;]\n<p class=\"textoserv\"><strong>HOSTING CORPORATIVO<\/strong><br \/>Proveemos servicios de hosting corporativo, desde hace m\u00e1s de 15 a\u00f1os. Desde esa \u00e9poca, mantenemos nuestros servidores, en \u00a0datacenter ubicado en Houston, Texas. Nuestra permanencia, es la mejor garant\u00eda de confiabilidad que podemos ofrecerle a nuestros clientes.<\/p>\n<p class=\"textoserv\"><strong>SEGURIDAD EN ECOMMERCE<\/strong>\u00a0\u2026 Nuestros servidores soportan el standard\u00a0PCI. (Payment Card Industry Data Security Standard). Es un servicio que ofrecemos opcionalmente, y podemos asesorarlo en como habilitar esos servicios en tu hosting contratado.<\/p>\n[\/et_pb_text][et_pb_button button_url=&#8221;http:\/\/aloclick.com\/hosting\/clients\/cart.php?&#038;currency=1&#038;language=Spanish&#8221; button_text=&#8221;Contrata y activa ahora un pack de hosting&#8221; button_alignment=&#8221;center&#8221; _builder_version=&#8221;3.16&#8243; custom_button=&#8221;on&#8221; button_text_color=&#8221;#e09900&#8243; button_text_size__hover_enabled=&#8221;off&#8221; button_one_text_size__hover_enabled=&#8221;off&#8221; button_two_text_size__hover_enabled=&#8221;off&#8221; button_text_color__hover_enabled=&#8221;off&#8221; button_one_text_color__hover_enabled=&#8221;off&#8221; button_two_text_color__hover_enabled=&#8221;off&#8221; button_border_width__hover_enabled=&#8221;off&#8221; button_one_border_width__hover_enabled=&#8221;off&#8221; button_two_border_width__hover_enabled=&#8221;off&#8221; button_border_color__hover_enabled=&#8221;off&#8221; button_one_border_color__hover_enabled=&#8221;off&#8221; button_two_border_color__hover_enabled=&#8221;off&#8221; button_border_radius__hover_enabled=&#8221;off&#8221; button_one_border_radius__hover_enabled=&#8221;off&#8221; button_two_border_radius__hover_enabled=&#8221;off&#8221; button_letter_spacing__hover_enabled=&#8221;off&#8221; button_one_letter_spacing__hover_enabled=&#8221;off&#8221; button_two_letter_spacing__hover_enabled=&#8221;off&#8221; button_bg_color__hover_enabled=&#8221;off&#8221; button_one_bg_color__hover_enabled=&#8221;off&#8221; button_two_bg_color__hover_enabled=&#8221;off&#8221;][\/et_pb_button][\/et_pb_column][\/et_pb_row][et_pb_row padding_mobile=&#8221;off&#8221; column_padding_mobile=&#8221;on&#8221; _builder_version=&#8221;3.22.3&#8243; background_size=&#8221;initial&#8221; background_position=&#8221;top_left&#8221; background_repeat=&#8221;repeat&#8221;][et_pb_column type=&#8221;1_2&#8243; _builder_version=&#8221;3.0.47&#8243;][et_pb_text admin_label=&#8221;Text&#8221; _builder_version=&#8221;3.0.74&#8243; background_size=&#8221;initial&#8221; background_position=&#8221;top_left&#8221; background_repeat=&#8221;repeat&#8221;]\n<p style=\"text-align: left;\" align=\"center\"><strong>LO PRINCIPAL, LA SEGURIDAD DE TUS DATOS.<\/strong><br \/> Las instalaciones en nuestro datacenter, cuentan con alimentaci\u00f3n redundante, sistemas de climatizaci\u00f3n y sistemas de detecci\u00f3n \/ extinci\u00f3n de incendios, y son monitoreados 24\/7\/365. Adem\u00e1s todas las instalaciones cuentan con estrictos controles de acceso, para\u00a0proteger tambi\u00e9n tus datos, de posibles ataques f\u00edsicos<\/p>\n[\/et_pb_text][et_pb_cta title=&#8221;\u00bf Quieres alojarte con nosotros ?&#8221; button_url=&#8221;http:\/\/aloclick.com\/hosting\/clients\/cart.php?&#038;currency=1&#038;language=Spanish&#8221; button_text=&#8221;Comienza y activa tu plan ahora&#8221; admin_label=&#8221;Call To Action&#8221; _builder_version=&#8221;3.16&#8243; background_color=&#8221;#ddad63&#8243; background_size=&#8221;initial&#8221; background_position=&#8221;top_left&#8221; background_repeat=&#8221;repeat&#8221; button_text_size__hover_enabled=&#8221;off&#8221; button_one_text_size__hover_enabled=&#8221;off&#8221; button_two_text_size__hover_enabled=&#8221;off&#8221; button_text_color__hover_enabled=&#8221;off&#8221; button_one_text_color__hover_enabled=&#8221;off&#8221; button_two_text_color__hover_enabled=&#8221;off&#8221; button_border_width__hover_enabled=&#8221;off&#8221; button_one_border_width__hover_enabled=&#8221;off&#8221; button_two_border_width__hover_enabled=&#8221;off&#8221; button_border_color__hover_enabled=&#8221;off&#8221; button_one_border_color__hover_enabled=&#8221;off&#8221; button_two_border_color__hover_enabled=&#8221;off&#8221; button_border_radius__hover_enabled=&#8221;off&#8221; button_one_border_radius__hover_enabled=&#8221;off&#8221; button_two_border_radius__hover_enabled=&#8221;off&#8221; button_letter_spacing__hover_enabled=&#8221;off&#8221; button_one_letter_spacing__hover_enabled=&#8221;off&#8221; button_two_letter_spacing__hover_enabled=&#8221;off&#8221; button_bg_color__hover_enabled=&#8221;off&#8221; button_one_bg_color__hover_enabled=&#8221;off&#8221; button_two_bg_color__hover_enabled=&#8221;off&#8221;]\n<p>Creamos un plan personalizado y adecuado a tus necesidades<\/p>\n[\/et_pb_cta][\/et_pb_column][et_pb_column type=&#8221;1_2&#8243; _builder_version=&#8221;3.0.47&#8243;][et_pb_image src=&#8221;http:\/\/aloclick.com\/es\/wp-content\/uploads\/2015\/08\/seguridaddatacenter.png&#8221; align=&#8221;center&#8221; admin_label=&#8221;Image&#8221; _builder_version=&#8221;3.0.74&#8243; animation_style=&#8221;slide&#8221; animation_direction=&#8221;left&#8221; animation_duration=&#8221;500ms&#8221; animation_intensity_slide=&#8221;10%&#8221;][\/et_pb_image][\/et_pb_column][\/et_pb_row][\/et_pb_section]\n","protected":false},"excerpt":{"rendered":"<p>HOSTING CORPORATIVOProveemos servicios de hosting corporativo, desde hace m\u00e1s de 15 a\u00f1os. Desde esa \u00e9poca, mantenemos nuestros servidores, en \u00a0datacenter ubicado en Houston, Texas. Nuestra permanencia, es la mejor garant\u00eda de confiabilidad que podemos ofrecerle a nuestros clientes. SEGURIDAD EN ECOMMERCE\u00a0\u2026 Nuestros servidores soportan el standard\u00a0PCI. (Payment Card Industry Data Security Standard). Es un servicio [&hellip;]<\/p>\n","protected":false},"author":1,"featured_media":0,"parent":0,"menu_order":0,"comment_status":"open","ping_status":"open","template":"","meta":{"_et_pb_use_builder":"on","_et_pb_old_content":"","_et_gb_content_width":"","footnotes":""},"class_list":["post-1075","page","type-page","status-publish","hentry"],"yoast_head":"<!-- This site is optimized with the Yoast SEO plugin v27.4 - https:\/\/yoast.com\/product\/yoast-seo-wordpress\/ -->\n<title>hosting en mendoza<\/title>\n<meta name=\"description\" content=\"hosting en mendoza argentina. M\u00e1s de 15 a\u00f1os proveyendo servicios de hosting seguro\" \/>\n<meta name=\"robots\" content=\"index, follow, max-snippet:-1, max-image-preview:large, max-video-preview:-1\" \/>\n<link rel=\"canonical\" href=\"https:\/\/aloclick.com\/es\/hosting\/\" \/>\n<meta property=\"og:locale\" content=\"es_ES\" \/>\n<meta property=\"og:type\" content=\"article\" \/>\n<meta property=\"og:title\" content=\"hosting en mendoza\" \/>\n<meta property=\"og:description\" content=\"hosting en mendoza argentina. M\u00e1s de 15 a\u00f1os proveyendo servicios de hosting seguro\" \/>\n<meta property=\"og:url\" content=\"https:\/\/aloclick.com\/es\/hosting\/\" \/>\n<meta property=\"og:site_name\" content=\"Aloclick\" \/>\n<meta property=\"article:publisher\" content=\"https:\/\/www.facebook.com\/aloclick\" \/>\n<meta property=\"article:modified_time\" content=\"2019-05-30T01:09:05+00:00\" \/>\n<meta name=\"twitter:card\" content=\"summary_large_image\" \/>\n<meta name=\"twitter:site\" content=\"@aloclick\" \/>\n<meta name=\"twitter:label1\" content=\"Tiempo de lectura\" \/>\n\t<meta name=\"twitter:data1\" content=\"5 minutos\" \/>\n<script type=\"application\/ld+json\" class=\"yoast-schema-graph\">{\"@context\":\"https:\\\/\\\/schema.org\",\"@graph\":[{\"@type\":\"WebPage\",\"@id\":\"https:\\\/\\\/aloclick.com\\\/es\\\/hosting\\\/\",\"url\":\"https:\\\/\\\/aloclick.com\\\/es\\\/hosting\\\/\",\"name\":\"hosting en mendoza\",\"isPartOf\":{\"@id\":\"https:\\\/\\\/aloclick.com\\\/es\\\/#website\"},\"datePublished\":\"2015-08-19T18:37:13+00:00\",\"dateModified\":\"2019-05-30T01:09:05+00:00\",\"description\":\"hosting en mendoza argentina. M\u00e1s de 15 a\u00f1os proveyendo servicios de hosting seguro\",\"breadcrumb\":{\"@id\":\"https:\\\/\\\/aloclick.com\\\/es\\\/hosting\\\/#breadcrumb\"},\"inLanguage\":\"es\",\"potentialAction\":[{\"@type\":\"ReadAction\",\"target\":[\"https:\\\/\\\/aloclick.com\\\/es\\\/hosting\\\/\"]}]},{\"@type\":\"BreadcrumbList\",\"@id\":\"https:\\\/\\\/aloclick.com\\\/es\\\/hosting\\\/#breadcrumb\",\"itemListElement\":[{\"@type\":\"ListItem\",\"position\":1,\"name\":\"Portada\",\"item\":\"https:\\\/\\\/aloclick.com\\\/es\\\/\"},{\"@type\":\"ListItem\",\"position\":2,\"name\":\"Hosting\"}]},{\"@type\":\"WebSite\",\"@id\":\"https:\\\/\\\/aloclick.com\\\/es\\\/#website\",\"url\":\"https:\\\/\\\/aloclick.com\\\/es\\\/\",\"name\":\"Aloclick\",\"description\":\"Agencia de Marketing Digital, Dise\u00f1o y Branding\",\"publisher\":{\"@id\":\"https:\\\/\\\/aloclick.com\\\/es\\\/#organization\"},\"potentialAction\":[{\"@type\":\"SearchAction\",\"target\":{\"@type\":\"EntryPoint\",\"urlTemplate\":\"https:\\\/\\\/aloclick.com\\\/es\\\/?s={search_term_string}\"},\"query-input\":{\"@type\":\"PropertyValueSpecification\",\"valueRequired\":true,\"valueName\":\"search_term_string\"}}],\"inLanguage\":\"es\"},{\"@type\":\"Organization\",\"@id\":\"https:\\\/\\\/aloclick.com\\\/es\\\/#organization\",\"name\":\"Aloclick\",\"url\":\"https:\\\/\\\/aloclick.com\\\/es\\\/\",\"logo\":{\"@type\":\"ImageObject\",\"inLanguage\":\"es\",\"@id\":\"https:\\\/\\\/aloclick.com\\\/es\\\/#\\\/schema\\\/logo\\\/image\\\/\",\"url\":\"https:\\\/\\\/aloclick.com\\\/es\\\/wp-content\\\/uploads\\\/2020\\\/09\\\/logo-aloclick-digital-agency-blanco-cuadrado-2020.fw_.png\",\"contentUrl\":\"https:\\\/\\\/aloclick.com\\\/es\\\/wp-content\\\/uploads\\\/2020\\\/09\\\/logo-aloclick-digital-agency-blanco-cuadrado-2020.fw_.png\",\"width\":600,\"height\":600,\"caption\":\"Aloclick\"},\"image\":{\"@id\":\"https:\\\/\\\/aloclick.com\\\/es\\\/#\\\/schema\\\/logo\\\/image\\\/\"},\"sameAs\":[\"https:\\\/\\\/www.facebook.com\\\/aloclick\",\"https:\\\/\\\/x.com\\\/aloclick\",\"https:\\\/\\\/www.instagram.com\\\/aloclick\\\/\",\"https:\\\/\\\/www.linkedin.com\\\/company\\\/aloclick\",\"https:\\\/\\\/es.pinterest.com\\\/aloclick\\\/\",\"https:\\\/\\\/www.youtube.com\\\/channel\\\/UCwrcPjBaPw-WFyEKuuGggBw\"]}]}<\/script>\n<!-- \/ Yoast SEO plugin. -->","yoast_head_json":{"title":"hosting en mendoza","description":"hosting en mendoza argentina. M\u00e1s de 15 a\u00f1os proveyendo servicios de hosting seguro","robots":{"index":"index","follow":"follow","max-snippet":"max-snippet:-1","max-image-preview":"max-image-preview:large","max-video-preview":"max-video-preview:-1"},"canonical":"https:\/\/aloclick.com\/es\/hosting\/","og_locale":"es_ES","og_type":"article","og_title":"hosting en mendoza","og_description":"hosting en mendoza argentina. M\u00e1s de 15 a\u00f1os proveyendo servicios de hosting seguro","og_url":"https:\/\/aloclick.com\/es\/hosting\/","og_site_name":"Aloclick","article_publisher":"https:\/\/www.facebook.com\/aloclick","article_modified_time":"2019-05-30T01:09:05+00:00","twitter_card":"summary_large_image","twitter_site":"@aloclick","twitter_misc":{"Tiempo de lectura":"5 minutos"},"schema":{"@context":"https:\/\/schema.org","@graph":[{"@type":"WebPage","@id":"https:\/\/aloclick.com\/es\/hosting\/","url":"https:\/\/aloclick.com\/es\/hosting\/","name":"hosting en mendoza","isPartOf":{"@id":"https:\/\/aloclick.com\/es\/#website"},"datePublished":"2015-08-19T18:37:13+00:00","dateModified":"2019-05-30T01:09:05+00:00","description":"hosting en mendoza argentina. M\u00e1s de 15 a\u00f1os proveyendo servicios de hosting seguro","breadcrumb":{"@id":"https:\/\/aloclick.com\/es\/hosting\/#breadcrumb"},"inLanguage":"es","potentialAction":[{"@type":"ReadAction","target":["https:\/\/aloclick.com\/es\/hosting\/"]}]},{"@type":"BreadcrumbList","@id":"https:\/\/aloclick.com\/es\/hosting\/#breadcrumb","itemListElement":[{"@type":"ListItem","position":1,"name":"Portada","item":"https:\/\/aloclick.com\/es\/"},{"@type":"ListItem","position":2,"name":"Hosting"}]},{"@type":"WebSite","@id":"https:\/\/aloclick.com\/es\/#website","url":"https:\/\/aloclick.com\/es\/","name":"Aloclick","description":"Agencia de Marketing Digital, Dise\u00f1o y Branding","publisher":{"@id":"https:\/\/aloclick.com\/es\/#organization"},"potentialAction":[{"@type":"SearchAction","target":{"@type":"EntryPoint","urlTemplate":"https:\/\/aloclick.com\/es\/?s={search_term_string}"},"query-input":{"@type":"PropertyValueSpecification","valueRequired":true,"valueName":"search_term_string"}}],"inLanguage":"es"},{"@type":"Organization","@id":"https:\/\/aloclick.com\/es\/#organization","name":"Aloclick","url":"https:\/\/aloclick.com\/es\/","logo":{"@type":"ImageObject","inLanguage":"es","@id":"https:\/\/aloclick.com\/es\/#\/schema\/logo\/image\/","url":"https:\/\/aloclick.com\/es\/wp-content\/uploads\/2020\/09\/logo-aloclick-digital-agency-blanco-cuadrado-2020.fw_.png","contentUrl":"https:\/\/aloclick.com\/es\/wp-content\/uploads\/2020\/09\/logo-aloclick-digital-agency-blanco-cuadrado-2020.fw_.png","width":600,"height":600,"caption":"Aloclick"},"image":{"@id":"https:\/\/aloclick.com\/es\/#\/schema\/logo\/image\/"},"sameAs":["https:\/\/www.facebook.com\/aloclick","https:\/\/x.com\/aloclick","https:\/\/www.instagram.com\/aloclick\/","https:\/\/www.linkedin.com\/company\/aloclick","https:\/\/es.pinterest.com\/aloclick\/","https:\/\/www.youtube.com\/channel\/UCwrcPjBaPw-WFyEKuuGggBw"]}]}},"_links":{"self":[{"href":"https:\/\/aloclick.com\/es\/wp-json\/wp\/v2\/pages\/1075","targetHints":{"allow":["GET"]}}],"collection":[{"href":"https:\/\/aloclick.com\/es\/wp-json\/wp\/v2\/pages"}],"about":[{"href":"https:\/\/aloclick.com\/es\/wp-json\/wp\/v2\/types\/page"}],"author":[{"embeddable":true,"href":"https:\/\/aloclick.com\/es\/wp-json\/wp\/v2\/users\/1"}],"replies":[{"embeddable":true,"href":"https:\/\/aloclick.com\/es\/wp-json\/wp\/v2\/comments?post=1075"}],"version-history":[{"count":1,"href":"https:\/\/aloclick.com\/es\/wp-json\/wp\/v2\/pages\/1075\/revisions"}],"predecessor-version":[{"id":207183,"href":"https:\/\/aloclick.com\/es\/wp-json\/wp\/v2\/pages\/1075\/revisions\/207183"}],"wp:attachment":[{"href":"https:\/\/aloclick.com\/es\/wp-json\/wp\/v2\/media?parent=1075"}],"curies":[{"name":"wp","href":"https:\/\/api.w.org\/{rel}","templated":true}]}}