{"id":254,"date":"2014-05-18T18:53:45","date_gmt":"2014-05-18T18:53:45","guid":{"rendered":"http:\/\/aloclick.com\/es\/?page_id=254"},"modified":"2021-01-11T18:45:01","modified_gmt":"2021-01-11T21:45:01","slug":"copywriting","status":"publish","type":"page","link":"https:\/\/aloclick.com\/es\/copywriting\/","title":{"rendered":"Copywriting"},"content":{"rendered":"[et_pb_section fb_built=&#8221;1&#8243; fullwidth=&#8221;on&#8221; _builder_version=&#8221;4.7.7&#8243; background_color=&#8221;#ffffff&#8221; background_image=&#8221;https:\/\/aloclick.com\/es\/wp-content\/uploads\/2014\/04\/fondo3.jpg&#8221; bottom_divider_style=&#8221;mountains&#8221; bottom_divider_height=&#8221;46px&#8221; next_background_color=&#8221;#ffffff&#8221;][et_pb_fullwidth_header title=&#8221;COPYWRITING&#8221; subhead=&#8221;Contenidos de texto Optimizados para SEO y Publicidad&#8221; admin_label=&#8221;Fullwidth Header&#8221; _builder_version=&#8221;4.7.7&#8243; title_font=&#8221;Poppins|800|||||||&#8221; title_font_size=&#8221;77px&#8221; subhead_font=&#8221;||||||||&#8221; subhead_text_color=&#8221;#000000&#8243; subhead_font_size=&#8221;21px&#8221; background_color=&#8221;rgba(255, 255, 255, 0)&#8221; background_layout=&#8221;light&#8221; hover_enabled=&#8221;0&#8243; button_one_text_size__hover_enabled=&#8221;off&#8221; button_two_text_size__hover_enabled=&#8221;off&#8221; button_one_text_color__hover_enabled=&#8221;off&#8221; button_two_text_color__hover_enabled=&#8221;off&#8221; button_one_border_width__hover_enabled=&#8221;off&#8221; button_two_border_width__hover_enabled=&#8221;off&#8221; button_one_border_color__hover_enabled=&#8221;off&#8221; button_two_border_color__hover_enabled=&#8221;off&#8221; button_one_border_radius__hover_enabled=&#8221;off&#8221; button_two_border_radius__hover_enabled=&#8221;off&#8221; button_one_letter_spacing__hover_enabled=&#8221;off&#8221; button_two_letter_spacing__hover_enabled=&#8221;off&#8221; button_one_bg_color__hover_enabled=&#8221;off&#8221; button_two_bg_color__hover_enabled=&#8221;off&#8221; title_font_size_last_edited=&#8221;on|desktop&#8221; sticky_enabled=&#8221;0&#8243; title_font_size_phone=&#8221;45px&#8221; custom_padding=&#8221;||91px|||&#8221;][\/et_pb_fullwidth_header][\/et_pb_section][et_pb_section fb_built=&#8221;1&#8243; _builder_version=&#8221;3.22&#8243;][et_pb_row _builder_version=&#8221;3.25&#8243; background_size=&#8221;initial&#8221; background_position=&#8221;top_left&#8221; background_repeat=&#8221;repeat&#8221; column_structure=&#8221;1_2,1_2&#8243;][et_pb_column type=&#8221;1_2&#8243; _builder_version=&#8221;3.25&#8243; custom_padding=&#8221;|||&#8221; custom_padding__hover=&#8221;|||&#8221;][et_pb_image src=&#8221;https:\/\/aloclick.com\/es\/wp-content\/uploads\/2014\/05\/copywriting2.jpg&#8221; align_tablet=&#8221;center&#8221; align_last_edited=&#8221;on|desktop&#8221; admin_label=&#8221;Image&#8221; _builder_version=&#8221;3.23&#8243; animation_style=&#8221;slide&#8221; animation_direction=&#8221;left&#8221; animation_duration=&#8221;500ms&#8221; animation_intensity_slide=&#8221;10%&#8221; animation=&#8221;left&#8221;][\/et_pb_image][\/et_pb_column][et_pb_column type=&#8221;1_2&#8243; _builder_version=&#8221;3.25&#8243; custom_padding=&#8221;|||&#8221; custom_padding__hover=&#8221;|||&#8221;][et_pb_text admin_label=&#8221;Text&#8221; _builder_version=&#8221;4.7.7&#8243; background_size=&#8221;initial&#8221; background_position=&#8221;top_left&#8221; background_repeat=&#8221;repeat&#8221; hover_enabled=&#8221;0&#8243; text_font=&#8221;Poppins||||||||&#8221; sticky_enabled=&#8221;0&#8243;]\n<p class=\"textoserv\"><strong>Es un t\u00e9rmino<\/strong> que no tiene traduccion literal al espa\u00f1ol con un sentido aplicable. Lo m\u00e1s cercano podr\u00eda ser el t\u00e9rmino &#8220;Escritura Publicitaria, o Comercial&#8221;. Se denomina as\u00ed a la tarea de escribir textos para promover una persona, producto o servicio. Es un trabajo cl\u00e1sico de publicista, aunque con el advenimiento de la web, se hizo m\u00e1s com\u00fan su uso para promover la venta. Es muy importante que ud realice un buen copywriting, para presentar e intentar vender sus productos o servicios.<\/p>\n<p class=\"textoserv\"><strong>El SEO copywriting<\/strong>, se refiere a los textos comerciales y promocionales, redactados de tal forma, que sean amigables a los motores de b\u00fasqueda, y que contengan las frases y palabras necesarias para lograr los objetivos de posicionamiento de su website y que los usuarios encuentren su sitio<\/p>\n<p class=\"textoserv\"><strong>Nuestros profesionales<\/strong> se encargar\u00e1n de estudiar su productos y realizar\u00e1n para Ud, la mejor presentaci\u00f3n, resaltando las ventajas y utilizando t\u00e9cnicas de redacci\u00f3n publicitaria que aumentar\u00e1n sus posibilidadesde venta. Adem\u00e1s, utilizaremos im\u00e1genes, fotograf\u00edas y elementos gr\u00e1ficos para mejorar y hacer atractiva la presentaci\u00f3n.<\/p>\n<p class=\"textoserv\">Mas all\u00e1 del copywriting, realizamos escritos de todo tipo de textos comerciales, no solo publicitarios, ya que tambi\u00e9n redactamos manuales t\u00e9cnicos, manual de franquicia, manual de identidad corporativa, entre otras cosas.<\/p>\n<p>\u00a0<\/p>\n[\/et_pb_text][\/et_pb_column][\/et_pb_row][et_pb_row _builder_version=&#8221;3.25&#8243;][et_pb_column type=&#8221;4_4&#8243; _builder_version=&#8221;3.25&#8243; custom_padding=&#8221;|||&#8221; custom_padding__hover=&#8221;|||&#8221;][et_pb_cta title=&#8221;Consulta por Estos Servicios&#8221; button_url=&#8221;https:\/\/aloclick.com\/es\/contactanos\/&#8221; button_text=&#8221;Pide Presupuesto&#8221; admin_label=&#8221;Call To Action&#8221; _builder_version=&#8221;4.7.7&#8243; header_font=&#8221;Poppins|800||on|||||&#8221; header_font_size=&#8221;40px&#8221; background_color=&#8221;#7EBEC5&#8243; background_size=&#8221;initial&#8221; background_position=&#8221;top_left&#8221; background_repeat=&#8221;repeat&#8221; hover_enabled=&#8221;0&#8243; button_text_size__hover_enabled=&#8221;off&#8221; button_one_text_size__hover_enabled=&#8221;off&#8221; button_two_text_size__hover_enabled=&#8221;off&#8221; button_text_color__hover_enabled=&#8221;off&#8221; button_one_text_color__hover_enabled=&#8221;off&#8221; button_two_text_color__hover_enabled=&#8221;off&#8221; button_border_width__hover_enabled=&#8221;off&#8221; button_one_border_width__hover_enabled=&#8221;off&#8221; button_two_border_width__hover_enabled=&#8221;off&#8221; button_border_color__hover_enabled=&#8221;off&#8221; button_one_border_color__hover_enabled=&#8221;off&#8221; button_two_border_color__hover_enabled=&#8221;off&#8221; button_border_radius__hover_enabled=&#8221;off&#8221; button_one_border_radius__hover_enabled=&#8221;off&#8221; button_two_border_radius__hover_enabled=&#8221;off&#8221; button_letter_spacing__hover_enabled=&#8221;off&#8221; button_one_letter_spacing__hover_enabled=&#8221;off&#8221; button_two_letter_spacing__hover_enabled=&#8221;off&#8221; button_bg_color__hover_enabled=&#8221;off&#8221; button_one_bg_color__hover_enabled=&#8221;off&#8221; button_two_bg_color__hover_enabled=&#8221;off&#8221; body_font=&#8221;Poppins|300|||||||&#8221; body_font_size=&#8221;20px&#8221; sticky_enabled=&#8221;0&#8243;]\n<p>Contacta ahora para empezar con estos servicios<\/p>\n[\/et_pb_cta][\/et_pb_column][\/et_pb_row][\/et_pb_section]\n","protected":false},"excerpt":{"rendered":"<p>Es un t\u00e9rmino que no tiene traduccion literal al espa\u00f1ol con un sentido aplicable. Lo m\u00e1s cercano podr\u00eda ser el t\u00e9rmino &#8220;Escritura Publicitaria, o Comercial&#8221;. Se denomina as\u00ed a la tarea de escribir textos para promover una persona, producto o servicio. Es un trabajo cl\u00e1sico de publicista, aunque con el advenimiento de la web, se [&hellip;]<\/p>\n","protected":false},"author":1,"featured_media":0,"parent":0,"menu_order":0,"comment_status":"closed","ping_status":"open","template":"","meta":{"_et_pb_use_builder":"on","_et_pb_old_content":"","_et_gb_content_width":"","footnotes":""},"class_list":["post-254","page","type-page","status-publish","hentry"],"yoast_head":"<!-- This site is optimized with the Yoast SEO plugin v27.4 - https:\/\/yoast.com\/product\/yoast-seo-wordpress\/ -->\n<title>Que es el copywriting<\/title>\n<meta name=\"description\" content=\"Brindamos servicios de copywriting para generar contenido para tu sitio web\" \/>\n<meta name=\"robots\" content=\"index, follow, max-snippet:-1, max-image-preview:large, max-video-preview:-1\" \/>\n<link rel=\"canonical\" href=\"https:\/\/aloclick.com\/es\/copywriting\/\" \/>\n<meta property=\"og:locale\" content=\"es_ES\" \/>\n<meta property=\"og:type\" content=\"article\" \/>\n<meta property=\"og:title\" content=\"Que es el copywriting\" \/>\n<meta property=\"og:description\" content=\"Brindamos servicios de copywriting para generar contenido para tu sitio web\" \/>\n<meta property=\"og:url\" content=\"https:\/\/aloclick.com\/es\/copywriting\/\" \/>\n<meta property=\"og:site_name\" content=\"Aloclick\" \/>\n<meta property=\"article:publisher\" content=\"https:\/\/www.facebook.com\/aloclick\" \/>\n<meta property=\"article:modified_time\" content=\"2021-01-11T21:45:01+00:00\" \/>\n<meta name=\"twitter:card\" content=\"summary_large_image\" \/>\n<meta name=\"twitter:site\" content=\"@aloclick\" \/>\n<meta name=\"twitter:label1\" content=\"Tiempo de lectura\" \/>\n\t<meta name=\"twitter:data1\" content=\"4 minutos\" \/>\n<script type=\"application\/ld+json\" class=\"yoast-schema-graph\">{\"@context\":\"https:\\\/\\\/schema.org\",\"@graph\":[{\"@type\":\"WebPage\",\"@id\":\"https:\\\/\\\/aloclick.com\\\/es\\\/copywriting\\\/\",\"url\":\"https:\\\/\\\/aloclick.com\\\/es\\\/copywriting\\\/\",\"name\":\"Que es el copywriting\",\"isPartOf\":{\"@id\":\"https:\\\/\\\/aloclick.com\\\/es\\\/#website\"},\"datePublished\":\"2014-05-18T18:53:45+00:00\",\"dateModified\":\"2021-01-11T21:45:01+00:00\",\"description\":\"Brindamos servicios de copywriting para generar contenido para tu sitio web\",\"breadcrumb\":{\"@id\":\"https:\\\/\\\/aloclick.com\\\/es\\\/copywriting\\\/#breadcrumb\"},\"inLanguage\":\"es\",\"potentialAction\":[{\"@type\":\"ReadAction\",\"target\":[\"https:\\\/\\\/aloclick.com\\\/es\\\/copywriting\\\/\"]}]},{\"@type\":\"BreadcrumbList\",\"@id\":\"https:\\\/\\\/aloclick.com\\\/es\\\/copywriting\\\/#breadcrumb\",\"itemListElement\":[{\"@type\":\"ListItem\",\"position\":1,\"name\":\"Portada\",\"item\":\"https:\\\/\\\/aloclick.com\\\/es\\\/\"},{\"@type\":\"ListItem\",\"position\":2,\"name\":\"Copywriting\"}]},{\"@type\":\"WebSite\",\"@id\":\"https:\\\/\\\/aloclick.com\\\/es\\\/#website\",\"url\":\"https:\\\/\\\/aloclick.com\\\/es\\\/\",\"name\":\"Aloclick\",\"description\":\"Agencia de Marketing Digital, Dise\u00f1o y Branding\",\"publisher\":{\"@id\":\"https:\\\/\\\/aloclick.com\\\/es\\\/#organization\"},\"potentialAction\":[{\"@type\":\"SearchAction\",\"target\":{\"@type\":\"EntryPoint\",\"urlTemplate\":\"https:\\\/\\\/aloclick.com\\\/es\\\/?s={search_term_string}\"},\"query-input\":{\"@type\":\"PropertyValueSpecification\",\"valueRequired\":true,\"valueName\":\"search_term_string\"}}],\"inLanguage\":\"es\"},{\"@type\":\"Organization\",\"@id\":\"https:\\\/\\\/aloclick.com\\\/es\\\/#organization\",\"name\":\"Aloclick\",\"url\":\"https:\\\/\\\/aloclick.com\\\/es\\\/\",\"logo\":{\"@type\":\"ImageObject\",\"inLanguage\":\"es\",\"@id\":\"https:\\\/\\\/aloclick.com\\\/es\\\/#\\\/schema\\\/logo\\\/image\\\/\",\"url\":\"https:\\\/\\\/aloclick.com\\\/es\\\/wp-content\\\/uploads\\\/2020\\\/09\\\/logo-aloclick-digital-agency-blanco-cuadrado-2020.fw_.png\",\"contentUrl\":\"https:\\\/\\\/aloclick.com\\\/es\\\/wp-content\\\/uploads\\\/2020\\\/09\\\/logo-aloclick-digital-agency-blanco-cuadrado-2020.fw_.png\",\"width\":600,\"height\":600,\"caption\":\"Aloclick\"},\"image\":{\"@id\":\"https:\\\/\\\/aloclick.com\\\/es\\\/#\\\/schema\\\/logo\\\/image\\\/\"},\"sameAs\":[\"https:\\\/\\\/www.facebook.com\\\/aloclick\",\"https:\\\/\\\/x.com\\\/aloclick\",\"https:\\\/\\\/www.instagram.com\\\/aloclick\\\/\",\"https:\\\/\\\/www.linkedin.com\\\/company\\\/aloclick\",\"https:\\\/\\\/es.pinterest.com\\\/aloclick\\\/\",\"https:\\\/\\\/www.youtube.com\\\/channel\\\/UCwrcPjBaPw-WFyEKuuGggBw\"]}]}<\/script>\n<!-- \/ Yoast SEO plugin. -->","yoast_head_json":{"title":"Que es el copywriting","description":"Brindamos servicios de copywriting para generar contenido para tu sitio web","robots":{"index":"index","follow":"follow","max-snippet":"max-snippet:-1","max-image-preview":"max-image-preview:large","max-video-preview":"max-video-preview:-1"},"canonical":"https:\/\/aloclick.com\/es\/copywriting\/","og_locale":"es_ES","og_type":"article","og_title":"Que es el copywriting","og_description":"Brindamos servicios de copywriting para generar contenido para tu sitio web","og_url":"https:\/\/aloclick.com\/es\/copywriting\/","og_site_name":"Aloclick","article_publisher":"https:\/\/www.facebook.com\/aloclick","article_modified_time":"2021-01-11T21:45:01+00:00","twitter_card":"summary_large_image","twitter_site":"@aloclick","twitter_misc":{"Tiempo de lectura":"4 minutos"},"schema":{"@context":"https:\/\/schema.org","@graph":[{"@type":"WebPage","@id":"https:\/\/aloclick.com\/es\/copywriting\/","url":"https:\/\/aloclick.com\/es\/copywriting\/","name":"Que es el copywriting","isPartOf":{"@id":"https:\/\/aloclick.com\/es\/#website"},"datePublished":"2014-05-18T18:53:45+00:00","dateModified":"2021-01-11T21:45:01+00:00","description":"Brindamos servicios de copywriting para generar contenido para tu sitio web","breadcrumb":{"@id":"https:\/\/aloclick.com\/es\/copywriting\/#breadcrumb"},"inLanguage":"es","potentialAction":[{"@type":"ReadAction","target":["https:\/\/aloclick.com\/es\/copywriting\/"]}]},{"@type":"BreadcrumbList","@id":"https:\/\/aloclick.com\/es\/copywriting\/#breadcrumb","itemListElement":[{"@type":"ListItem","position":1,"name":"Portada","item":"https:\/\/aloclick.com\/es\/"},{"@type":"ListItem","position":2,"name":"Copywriting"}]},{"@type":"WebSite","@id":"https:\/\/aloclick.com\/es\/#website","url":"https:\/\/aloclick.com\/es\/","name":"Aloclick","description":"Agencia de Marketing Digital, Dise\u00f1o y Branding","publisher":{"@id":"https:\/\/aloclick.com\/es\/#organization"},"potentialAction":[{"@type":"SearchAction","target":{"@type":"EntryPoint","urlTemplate":"https:\/\/aloclick.com\/es\/?s={search_term_string}"},"query-input":{"@type":"PropertyValueSpecification","valueRequired":true,"valueName":"search_term_string"}}],"inLanguage":"es"},{"@type":"Organization","@id":"https:\/\/aloclick.com\/es\/#organization","name":"Aloclick","url":"https:\/\/aloclick.com\/es\/","logo":{"@type":"ImageObject","inLanguage":"es","@id":"https:\/\/aloclick.com\/es\/#\/schema\/logo\/image\/","url":"https:\/\/aloclick.com\/es\/wp-content\/uploads\/2020\/09\/logo-aloclick-digital-agency-blanco-cuadrado-2020.fw_.png","contentUrl":"https:\/\/aloclick.com\/es\/wp-content\/uploads\/2020\/09\/logo-aloclick-digital-agency-blanco-cuadrado-2020.fw_.png","width":600,"height":600,"caption":"Aloclick"},"image":{"@id":"https:\/\/aloclick.com\/es\/#\/schema\/logo\/image\/"},"sameAs":["https:\/\/www.facebook.com\/aloclick","https:\/\/x.com\/aloclick","https:\/\/www.instagram.com\/aloclick\/","https:\/\/www.linkedin.com\/company\/aloclick","https:\/\/es.pinterest.com\/aloclick\/","https:\/\/www.youtube.com\/channel\/UCwrcPjBaPw-WFyEKuuGggBw"]}]}},"_links":{"self":[{"href":"https:\/\/aloclick.com\/es\/wp-json\/wp\/v2\/pages\/254","targetHints":{"allow":["GET"]}}],"collection":[{"href":"https:\/\/aloclick.com\/es\/wp-json\/wp\/v2\/pages"}],"about":[{"href":"https:\/\/aloclick.com\/es\/wp-json\/wp\/v2\/types\/page"}],"author":[{"embeddable":true,"href":"https:\/\/aloclick.com\/es\/wp-json\/wp\/v2\/users\/1"}],"replies":[{"embeddable":true,"href":"https:\/\/aloclick.com\/es\/wp-json\/wp\/v2\/comments?post=254"}],"version-history":[{"count":1,"href":"https:\/\/aloclick.com\/es\/wp-json\/wp\/v2\/pages\/254\/revisions"}],"predecessor-version":[{"id":210329,"href":"https:\/\/aloclick.com\/es\/wp-json\/wp\/v2\/pages\/254\/revisions\/210329"}],"wp:attachment":[{"href":"https:\/\/aloclick.com\/es\/wp-json\/wp\/v2\/media?parent=254"}],"curies":[{"name":"wp","href":"https:\/\/api.w.org\/{rel}","templated":true}]}}