{"id":260,"date":"2014-05-18T19:15:21","date_gmt":"2014-05-18T19:15:21","guid":{"rendered":"http:\/\/aloclick.com\/es\/?page_id=260"},"modified":"2023-11-05T17:06:16","modified_gmt":"2023-11-05T20:06:16","slug":"consultoria-comercial","status":"publish","type":"page","link":"https:\/\/aloclick.com\/es\/consultoria-comercial\/","title":{"rendered":"Consultor\u00eda Comercial"},"content":{"rendered":"[et_pb_section fb_built=&#8221;1&#8243; custom_padding_last_edited=&#8221;on|phone&#8221; prev_background_color=&#8221;#ffffff&#8221; admin_label=&#8221;Our Services Section&#8221; module_id=&#8221;animado&#8221; _builder_version=&#8221;4.16&#8243; background_color=&#8221;#ff3665&#8243; z_index=&#8221;-1&#8243; custom_padding=&#8221;0vh|0px|7vh|0px|false|false&#8221; custom_padding_tablet=&#8221;&#8221; custom_padding_phone=&#8221;2vh||1vh||false|false&#8221; top_divider_style=&#8221;none&#8221; bottom_divider_style=&#8221;mountains&#8221; bottom_divider_color=&#8221;#ffffff&#8221; bottom_divider_height_tablet=&#8221;&#8221; bottom_divider_height_phone=&#8221;56px&#8221; bottom_divider_height_last_edited=&#8221;on|phone&#8221; da_disable_devices=&#8221;off|off|off&#8221; locked=&#8221;off&#8221; global_colors_info=&#8221;{}&#8221; da_is_popup=&#8221;off&#8221; da_exit_intent=&#8221;off&#8221; da_has_close=&#8221;on&#8221; da_alt_close=&#8221;off&#8221; da_dark_close=&#8221;off&#8221; da_not_modal=&#8221;on&#8221; da_is_singular=&#8221;off&#8221; da_with_loader=&#8221;off&#8221; da_has_shadow=&#8221;on&#8221;][et_pb_row column_structure=&#8221;1_2,1_2&#8243; use_custom_gutter=&#8221;on&#8221; gutter_width=&#8221;1&#8243; custom_padding_last_edited=&#8221;on|phone&#8221; admin_label=&#8221;Row &#8211; CTA &#8211; Process &#8211; This is we do it&#8221; module_class=&#8221; et_pb_row_fullwidth&#8221; _builder_version=&#8221;4.16&#8243; width=&#8221;100%&#8221; width_tablet=&#8221;100%&#8221; width_phone=&#8221;&#8221; width_last_edited=&#8221;on|desktop&#8221; max_width=&#8221;100%&#8221; max_width_tablet=&#8221;100%&#8221; max_width_phone=&#8221;&#8221; max_width_last_edited=&#8221;on|desktop&#8221; custom_margin=&#8221;||||false|false&#8221; custom_padding=&#8221;2vw|||11%|false|false&#8221; custom_padding_tablet=&#8221;|1%||1%|false|true&#8221; custom_padding_phone=&#8221;2vw|4%|70px|4%|false|true&#8221; make_fullwidth=&#8221;on&#8221; locked=&#8221;off&#8221; global_colors_info=&#8221;{}&#8221;][et_pb_column type=&#8221;1_2&#8243; _builder_version=&#8221;4.16&#8243; background_position=&#8221;top_left&#8221; custom_padding=&#8221;|||&#8221; global_colors_info=&#8221;{}&#8221; custom_padding__hover=&#8221;|||&#8221;][et_pb_cta title=&#8221;coaching <BR>digital&#8221; admin_label=&#8221;CTA &#8211; Process &#8211; This is we do it&#8221; _builder_version=&#8221;4.16&#8243; header_font=&#8221;Poppins|900||on|||||&#8221; header_text_color=&#8221;rgba(255,255,255,0.13)&#8221; header_font_size=&#8221;8vw&#8221; header_letter_spacing=&#8221;-3&#8243; header_line_height=&#8221;0.8em&#8221; body_font=&#8221;Poppins|300||on|||||&#8221; body_text_color=&#8221;#ffffff&#8221; body_font_size=&#8221;29px&#8221; use_background_color=&#8221;off&#8221; text_orientation=&#8221;left&#8221; background_layout=&#8221;light&#8221; header_text_align_tablet=&#8221;&#8221; header_text_align_phone=&#8221;center&#8221; header_text_align_last_edited=&#8221;on|phone&#8221; header_font_size_tablet=&#8221;120&#8243; header_font_size_phone=&#8221;63&#8243; header_font_size_last_edited=&#8221;on|desktop&#8221; body_text_align_tablet=&#8221;&#8221; body_text_align_phone=&#8221;center&#8221; body_text_align_last_edited=&#8221;on|phone&#8221; body_line_height_tablet=&#8221;&#8221; body_line_height_phone=&#8221;1.1em&#8221; body_line_height_last_edited=&#8221;on|phone&#8221; global_colors_info=&#8221;{}&#8221; button_text_size__hover_enabled=&#8221;off&#8221; button_one_text_size__hover_enabled=&#8221;off&#8221; button_two_text_size__hover_enabled=&#8221;off&#8221; button_text_color__hover_enabled=&#8221;off&#8221; button_one_text_color__hover_enabled=&#8221;off&#8221; button_two_text_color__hover_enabled=&#8221;off&#8221; button_border_width__hover_enabled=&#8221;off&#8221; button_one_border_width__hover_enabled=&#8221;off&#8221; button_two_border_width__hover_enabled=&#8221;off&#8221; button_border_color__hover_enabled=&#8221;off&#8221; button_one_border_color__hover_enabled=&#8221;off&#8221; button_two_border_color__hover_enabled=&#8221;off&#8221; button_border_radius__hover_enabled=&#8221;off&#8221; button_one_border_radius__hover_enabled=&#8221;off&#8221; button_two_border_radius__hover_enabled=&#8221;off&#8221; button_letter_spacing__hover_enabled=&#8221;off&#8221; button_one_letter_spacing__hover_enabled=&#8221;off&#8221; button_two_letter_spacing__hover_enabled=&#8221;off&#8221; button_bg_color__hover_enabled=&#8221;off&#8221; button_one_bg_color__hover_enabled=&#8221;off&#8221; button_two_bg_color__hover_enabled=&#8221;off&#8221;][\/et_pb_cta][et_pb_text _builder_version=&#8221;4.21.0&#8243; text_font=&#8221;Poppins|300|||||||&#8221; text_text_color=&#8221;#ffffff&#8221; text_font_size=&#8221;1.6em&#8221; text_line_height=&#8221;1.5em&#8221; link_font=&#8221;Poppins||||on|||rgba(0,0,0,0)|&#8221; link_text_align=&#8221;left&#8221; link_text_color=&#8221;#ffffff&#8221; header_font=&#8221;Muli||||||||&#8221; header_2_font=&#8221;Poppins|||on|||||&#8221; header_2_text_align=&#8221;center&#8221; header_2_text_color=&#8221;#000000&#8243; header_2_line_height=&#8221;2.6em&#8221; header_3_font=&#8221;Muli||||||||&#8221; header_4_font=&#8221;Muli||||||||&#8221; header_5_font=&#8221;Muli||||||||&#8221; header_6_font=&#8221;Muli||||||||&#8221; width=&#8221;87%&#8221; width_tablet=&#8221;&#8221; width_phone=&#8221;&#8221; width_last_edited=&#8221;on|desktop&#8221; module_alignment=&#8221;center&#8221; custom_margin=&#8221;||10px|||&#8221; text_font_size_tablet=&#8221;&#8221; text_font_size_phone=&#8221;1.6em&#8221; text_font_size_last_edited=&#8221;on|desktop&#8221; text_line_height_tablet=&#8221;&#8221; text_line_height_phone=&#8221;1.4em&#8221; text_line_height_last_edited=&#8221;on|phone&#8221; link_text_align_tablet=&#8221;&#8221; link_text_align_phone=&#8221;&#8221; link_text_align_last_edited=&#8221;on|desktop&#8221; text_orientation_tablet=&#8221;&#8221; text_orientation_phone=&#8221;center&#8221; text_orientation_last_edited=&#8221;on|phone&#8221; locked=&#8221;off&#8221; global_colors_info=&#8221;{}&#8221;]\n<p>Servici\u00f3s de <strong>CONSULTOR\u00cdA, IMPLEMENTACI\u00d3N y SEGUIMIENTO<\/strong> para crear tu nuevo negocio digital, o actualizar el que ya tienes, adoptando tecnolog\u00edas web y de marketing digital<\/p>\n<h2 style=\"text-align: center;\"><\/h2>\n<h2 style=\"text-align: center;\"><\/h2>\n[\/et_pb_text][\/et_pb_column][et_pb_column type=&#8221;1_2&#8243; _builder_version=&#8221;4.16&#8243; background_position=&#8221;top_left&#8221; custom_padding=&#8221;|||&#8221; global_colors_info=&#8221;{}&#8221; custom_padding__hover=&#8221;|||&#8221;][et_pb_image src=&#8221;https:\/\/aloclick.com\/es\/wp-content\/uploads\/2021\/01\/coaching.jpg&#8221; title_text=&#8221;coaching&#8221; align=&#8221;right&#8221; align_tablet=&#8221;right&#8221; align_phone=&#8221;center&#8221; align_last_edited=&#8221;on|phone&#8221; _builder_version=&#8221;4.21.0&#8243; width=&#8221;87%&#8221; custom_margin_tablet=&#8221;&#8221; custom_margin_phone=&#8221;-5px||||false|false&#8221; custom_margin_last_edited=&#8221;on|phone&#8221; filter_saturate=&#8221;0%&#8221; scroll_horizontal_motion=&#8221;1|50|50|93|4|0|-4&#8243; global_colors_info=&#8221;{}&#8221;][\/et_pb_image][\/et_pb_column][\/et_pb_row][\/et_pb_section][et_pb_section fb_built=&#8221;1&#8243; _builder_version=&#8221;4.16&#8243; da_disable_devices=&#8221;off|off|off&#8221; global_colors_info=&#8221;{}&#8221; da_is_popup=&#8221;off&#8221; da_exit_intent=&#8221;off&#8221; da_has_close=&#8221;on&#8221; da_alt_close=&#8221;off&#8221; da_dark_close=&#8221;off&#8221; da_not_modal=&#8221;on&#8221; da_is_singular=&#8221;off&#8221; da_with_loader=&#8221;off&#8221; da_has_shadow=&#8221;on&#8221;][et_pb_row column_structure=&#8221;1_2,1_2&#8243; _builder_version=&#8221;4.16&#8243; background_size=&#8221;initial&#8221; background_position=&#8221;top_left&#8221; background_repeat=&#8221;repeat&#8221; global_colors_info=&#8221;{}&#8221;][et_pb_column type=&#8221;1_2&#8243; _builder_version=&#8221;4.16&#8243; custom_padding=&#8221;|||&#8221; global_colors_info=&#8221;{}&#8221; custom_padding__hover=&#8221;|||&#8221;][et_pb_image src=&#8221;https:\/\/aloclick.com\/es\/wp-content\/uploads\/2023\/11\/coaching.jpg&#8221; align_tablet=&#8221;center&#8221; align_phone=&#8221;&#8221; align_last_edited=&#8221;on|desktop&#8221; admin_label=&#8221;Image&#8221; _builder_version=&#8221;4.23&#8243; animation_style=&#8221;slide&#8221; animation_direction=&#8221;left&#8221; animation_duration=&#8221;500ms&#8221; animation_intensity_slide=&#8221;10%&#8221; hover_enabled=&#8221;0&#8243; animation=&#8221;left&#8221; global_colors_info=&#8221;{}&#8221; title_text=&#8221;coaching&#8221; sticky_enabled=&#8221;0&#8243;][\/et_pb_image][et_pb_text _builder_version=&#8221;4.21.0&#8243; text_font=&#8221;Poppins||||||||&#8221; text_font_size=&#8221;17px&#8221; ul_text_color=&#8221;#0C71C3&#8243; ul_font_size=&#8221;17px&#8221; header_font=&#8221;Poppins|700|||||||&#8221; custom_margin=&#8221;||-5px|||&#8221; global_colors_info=&#8221;{}&#8221;]\n<h1><\/h1>\n<h1>\u00a0\u00bfQuieres de verdad aprovechar Internet, para llevar tu empresa a otro nivel?<\/h1>\n<p>Ofrecemos nuestro servicio de <strong>Coaching Digital<\/strong>, que abarca desde evaluaci\u00f3n inicial, programaci\u00f3n, ejecuci\u00f3n de estrategias, capacitaci\u00f3n de personal y seguimiento, para mejorar tu posicionamiento, ventas y percepci\u00f3n de clientes.<\/p>\n<h1><\/h1>\n<h1>\u00bfQu\u00e9 es el Coaching Digital?<\/h1>\n<p>Es un proceso mediante el cual, <strong>partiendo de una evaluaci\u00f3n y diagn\u00f3stico previo<\/strong>, Creamos una estrategia de posicionamiento para tu empresa, que puede ser llevada a cabo por el mismo personal de tu compa\u00f1\u00eda, o a trav\u00e9s de terceros que podemos proveerte, siendo los siguientes, los principales t\u00f3picos que podemos desarrollar:<\/p>\n<p>&nbsp;<\/p>\n<ul>\n<li>Implementaci\u00f3n y desarrollo de infraestructura digital inicial.<\/li>\n<li>Capacitaci\u00f3n en gesti\u00f3n de redes sociales.<\/li>\n<li>Capacitaci\u00f3n en creaci\u00f3n y manejo de campa\u00f1as publicitarias.<\/li>\n<li>Capacitaci\u00f3n en gesti\u00f3n y evaluaci\u00f3n de datos.<\/li>\n<li>Capacitaci\u00f3n en creaci\u00f3n de contenido y gesti\u00f3n de sitio web (WordPress).<\/li>\n<\/ul>\n[\/et_pb_text][\/et_pb_column][et_pb_column type=&#8221;1_2&#8243; _builder_version=&#8221;4.16&#8243; custom_padding=&#8221;|||&#8221; global_colors_info=&#8221;{}&#8221; custom_padding__hover=&#8221;|||&#8221;][et_pb_text admin_label=&#8221;Text&#8221; _builder_version=&#8221;4.21.0&#8243; text_font=&#8221;Poppins||||||||&#8221; text_font_size=&#8221;18px&#8221; ul_font=&#8221;Poppins||||||||&#8221; ul_text_color=&#8221;#0C71C3&#8243; ul_font_size=&#8221;17px&#8221; header_font=&#8221;Poppins|700|||||||&#8221; background_size=&#8221;initial&#8221; background_position=&#8221;top_left&#8221; background_repeat=&#8221;repeat&#8221; global_colors_info=&#8221;{}&#8221;]\n<h1>\u00bfQu\u00e9 hacemos?<\/h1>\n<p class=\"textoserv\"><strong>Nuestros Profesionales<\/strong> de diversas \u00e1reas pueden asesorarte para crear y ejecutar:<\/p>\n<ul type=\"disc\">\n<li class=\"textoserv\">Tu Plan de negocios.<\/li>\n<li class=\"textoserv\">Proyectos de crecimiento empresarial.<\/li>\n<li class=\"textoserv\">Mejora de identidad corporativa (branding)<\/li>\n<li class=\"textoserv\">Plan Integral de Marketing<\/li>\n<li class=\"textoserv\">Implementaci\u00f3n de servicios de CRM.<\/li>\n<li class=\"textoserv\">Asesoramiento para informatizaci\u00f3n integral de procesos<\/li>\n<li>Franquiciar tu negocio &#8211; Implementaci\u00f3n.<\/li>\n<\/ul>\n<p class=\"textoserv\"><strong>Si est\u00e1s por iniciar<\/strong> un proyecto de internet, o de crecimiento en general, podemos asesorarte en cualquiera de las \u00e1reas que presentamos arriba. Nuestro Director, cuenta con m\u00e1s de 20 a\u00f1os de experiencia en proyectos de Internet.<\/p>\n<p class=\"textoserv\">Nos iniciamos en la web, casi antes de que esta existiera \ud83d\ude42<\/p>\n<p>&nbsp;<\/p>\n[\/et_pb_text][et_pb_cta title=&#8221;CONT\u00c1CTANOS&#8221; button_url=&#8221;https:\/\/aloclick.com\/es\/contactanos\/#emeeting2&#8243; button_text=&#8221;Agendar&#8221; admin_label=&#8221;Call To Action&#8221; _builder_version=&#8221;4.21.0&#8243; header_font=&#8221;Poppins|800|||||||&#8221; header_font_size=&#8221;43px&#8221; body_font=&#8221;Poppins|300|||||||&#8221; body_font_size=&#8221;18px&#8221; background_color=&#8221;#0da0c5&#8243; background_size=&#8221;initial&#8221; background_position=&#8221;top_left&#8221; background_repeat=&#8221;repeat&#8221; header_font_size_tablet=&#8221;43px&#8221; header_font_size_phone=&#8221;31px&#8221; header_font_size_last_edited=&#8221;on|phone&#8221; global_colors_info=&#8221;{}&#8221; button_text_size__hover_enabled=&#8221;off&#8221; button_one_text_size__hover_enabled=&#8221;off&#8221; button_two_text_size__hover_enabled=&#8221;off&#8221; button_text_color__hover_enabled=&#8221;off&#8221; button_one_text_color__hover_enabled=&#8221;off&#8221; button_two_text_color__hover_enabled=&#8221;off&#8221; button_border_width__hover_enabled=&#8221;off&#8221; button_one_border_width__hover_enabled=&#8221;off&#8221; button_two_border_width__hover_enabled=&#8221;off&#8221; button_border_color__hover_enabled=&#8221;off&#8221; button_one_border_color__hover_enabled=&#8221;off&#8221; button_two_border_color__hover_enabled=&#8221;off&#8221; button_border_radius__hover_enabled=&#8221;off&#8221; button_one_border_radius__hover_enabled=&#8221;off&#8221; button_two_border_radius__hover_enabled=&#8221;off&#8221; button_letter_spacing__hover_enabled=&#8221;off&#8221; button_one_letter_spacing__hover_enabled=&#8221;off&#8221; button_two_letter_spacing__hover_enabled=&#8221;off&#8221; button_bg_color__hover_enabled=&#8221;off&#8221; button_one_bg_color__hover_enabled=&#8221;off&#8221; button_two_bg_color__hover_enabled=&#8221;off&#8221;]\n<p>y agenda llamado o video reuni\u00f3n, para obtener asesoramiento inicial gratuito.<\/p>\n[\/et_pb_cta][et_pb_text _builder_version=&#8221;4.20.4&#8243; text_font=&#8221;Poppins||||||||&#8221; text_font_size=&#8221;17px&#8221; header_font=&#8221;Poppins|700|||||||&#8221; global_colors_info=&#8221;{}&#8221;]\n<h1>\u00a0\u00bfDudas para elegir el nombre de tu nuevo negocio?<\/h1>\n<p>\u00bfEst\u00e1s creando un nuevo negocio, y no sabes que nombre ponerle?<\/p>\n<p><a href=\"https:\/\/aloclick.com\/es\/contactanos\/\">Cont\u00e1ctanos<\/a>, para que creemos el mejor nombre, impactante, disponible para registrar en tu pa\u00eds, registrar el dominio, etc &#8230;<\/p>\n<p>&nbsp;<\/p>\n[\/et_pb_text][\/et_pb_column][\/et_pb_row][\/et_pb_section]\n","protected":false},"excerpt":{"rendered":"<p>Servici\u00f3s de CONSULTOR\u00cdA, IMPLEMENTACI\u00d3N y SEGUIMIENTO para crear tu nuevo negocio digital, o actualizar el que ya tienes, adoptando tecnolog\u00edas web y de marketing digital \u00a0\u00bfQuieres de verdad aprovechar Internet, para llevar tu empresa a otro nivel? Ofrecemos nuestro servicio de Coaching Digital, que abarca desde evaluaci\u00f3n inicial, programaci\u00f3n, ejecuci\u00f3n de estrategias, capacitaci\u00f3n de personal [&hellip;]<\/p>\n","protected":false},"author":1,"featured_media":0,"parent":0,"menu_order":0,"comment_status":"closed","ping_status":"open","template":"","meta":{"_et_pb_use_builder":"on","_et_pb_old_content":"","_et_gb_content_width":"","footnotes":""},"class_list":["post-260","page","type-page","status-publish","hentry"],"yoast_head":"<!-- This site is optimized with the Yoast SEO plugin v27.4 - https:\/\/yoast.com\/product\/yoast-seo-wordpress\/ -->\n<title>Consultoria comercial profesional<\/title>\n<meta name=\"description\" content=\"Servicios de consultoria comercial, para asesorarte en todo lo necesario para iniciar tu emprendimiento. desde la publicidad hasta la gestion comercial\" \/>\n<meta name=\"robots\" content=\"index, follow, max-snippet:-1, max-image-preview:large, max-video-preview:-1\" \/>\n<link rel=\"canonical\" href=\"https:\/\/aloclick.com\/es\/consultoria-comercial\/\" \/>\n<meta property=\"og:locale\" content=\"es_ES\" \/>\n<meta property=\"og:type\" content=\"article\" \/>\n<meta property=\"og:title\" content=\"Consultoria comercial profesional\" \/>\n<meta property=\"og:description\" content=\"Servicios de consultoria comercial, para asesorarte en todo lo necesario para iniciar tu emprendimiento. desde la publicidad hasta la gestion comercial\" \/>\n<meta property=\"og:url\" content=\"https:\/\/aloclick.com\/es\/consultoria-comercial\/\" \/>\n<meta property=\"og:site_name\" content=\"Aloclick\" \/>\n<meta property=\"article:publisher\" content=\"https:\/\/www.facebook.com\/aloclick\" \/>\n<meta property=\"article:modified_time\" content=\"2023-11-05T20:06:16+00:00\" \/>\n<meta name=\"twitter:card\" content=\"summary_large_image\" \/>\n<meta name=\"twitter:site\" content=\"@aloclick\" \/>\n<meta name=\"twitter:label1\" content=\"Tiempo de lectura\" \/>\n\t<meta name=\"twitter:data1\" content=\"8 minutos\" \/>\n<script type=\"application\/ld+json\" class=\"yoast-schema-graph\">{\"@context\":\"https:\\\/\\\/schema.org\",\"@graph\":[{\"@type\":\"WebPage\",\"@id\":\"https:\\\/\\\/aloclick.com\\\/es\\\/consultoria-comercial\\\/\",\"url\":\"https:\\\/\\\/aloclick.com\\\/es\\\/consultoria-comercial\\\/\",\"name\":\"Consultoria comercial profesional\",\"isPartOf\":{\"@id\":\"https:\\\/\\\/aloclick.com\\\/es\\\/#website\"},\"datePublished\":\"2014-05-18T19:15:21+00:00\",\"dateModified\":\"2023-11-05T20:06:16+00:00\",\"description\":\"Servicios de consultoria comercial, para asesorarte en todo lo necesario para iniciar tu emprendimiento. desde la publicidad hasta la gestion comercial\",\"breadcrumb\":{\"@id\":\"https:\\\/\\\/aloclick.com\\\/es\\\/consultoria-comercial\\\/#breadcrumb\"},\"inLanguage\":\"es\",\"potentialAction\":[{\"@type\":\"ReadAction\",\"target\":[\"https:\\\/\\\/aloclick.com\\\/es\\\/consultoria-comercial\\\/\"]}]},{\"@type\":\"BreadcrumbList\",\"@id\":\"https:\\\/\\\/aloclick.com\\\/es\\\/consultoria-comercial\\\/#breadcrumb\",\"itemListElement\":[{\"@type\":\"ListItem\",\"position\":1,\"name\":\"Portada\",\"item\":\"https:\\\/\\\/aloclick.com\\\/es\\\/\"},{\"@type\":\"ListItem\",\"position\":2,\"name\":\"Consultor\u00eda Comercial\"}]},{\"@type\":\"WebSite\",\"@id\":\"https:\\\/\\\/aloclick.com\\\/es\\\/#website\",\"url\":\"https:\\\/\\\/aloclick.com\\\/es\\\/\",\"name\":\"Aloclick\",\"description\":\"Agencia de Marketing Digital, Dise\u00f1o y Branding\",\"publisher\":{\"@id\":\"https:\\\/\\\/aloclick.com\\\/es\\\/#organization\"},\"potentialAction\":[{\"@type\":\"SearchAction\",\"target\":{\"@type\":\"EntryPoint\",\"urlTemplate\":\"https:\\\/\\\/aloclick.com\\\/es\\\/?s={search_term_string}\"},\"query-input\":{\"@type\":\"PropertyValueSpecification\",\"valueRequired\":true,\"valueName\":\"search_term_string\"}}],\"inLanguage\":\"es\"},{\"@type\":\"Organization\",\"@id\":\"https:\\\/\\\/aloclick.com\\\/es\\\/#organization\",\"name\":\"Aloclick\",\"url\":\"https:\\\/\\\/aloclick.com\\\/es\\\/\",\"logo\":{\"@type\":\"ImageObject\",\"inLanguage\":\"es\",\"@id\":\"https:\\\/\\\/aloclick.com\\\/es\\\/#\\\/schema\\\/logo\\\/image\\\/\",\"url\":\"https:\\\/\\\/aloclick.com\\\/es\\\/wp-content\\\/uploads\\\/2020\\\/09\\\/logo-aloclick-digital-agency-blanco-cuadrado-2020.fw_.png\",\"contentUrl\":\"https:\\\/\\\/aloclick.com\\\/es\\\/wp-content\\\/uploads\\\/2020\\\/09\\\/logo-aloclick-digital-agency-blanco-cuadrado-2020.fw_.png\",\"width\":600,\"height\":600,\"caption\":\"Aloclick\"},\"image\":{\"@id\":\"https:\\\/\\\/aloclick.com\\\/es\\\/#\\\/schema\\\/logo\\\/image\\\/\"},\"sameAs\":[\"https:\\\/\\\/www.facebook.com\\\/aloclick\",\"https:\\\/\\\/x.com\\\/aloclick\",\"https:\\\/\\\/www.instagram.com\\\/aloclick\\\/\",\"https:\\\/\\\/www.linkedin.com\\\/company\\\/aloclick\",\"https:\\\/\\\/es.pinterest.com\\\/aloclick\\\/\",\"https:\\\/\\\/www.youtube.com\\\/channel\\\/UCwrcPjBaPw-WFyEKuuGggBw\"]}]}<\/script>\n<!-- \/ Yoast SEO plugin. -->","yoast_head_json":{"title":"Consultoria comercial profesional","description":"Servicios de consultoria comercial, para asesorarte en todo lo necesario para iniciar tu emprendimiento. desde la publicidad hasta la gestion comercial","robots":{"index":"index","follow":"follow","max-snippet":"max-snippet:-1","max-image-preview":"max-image-preview:large","max-video-preview":"max-video-preview:-1"},"canonical":"https:\/\/aloclick.com\/es\/consultoria-comercial\/","og_locale":"es_ES","og_type":"article","og_title":"Consultoria comercial profesional","og_description":"Servicios de consultoria comercial, para asesorarte en todo lo necesario para iniciar tu emprendimiento. desde la publicidad hasta la gestion comercial","og_url":"https:\/\/aloclick.com\/es\/consultoria-comercial\/","og_site_name":"Aloclick","article_publisher":"https:\/\/www.facebook.com\/aloclick","article_modified_time":"2023-11-05T20:06:16+00:00","twitter_card":"summary_large_image","twitter_site":"@aloclick","twitter_misc":{"Tiempo de lectura":"8 minutos"},"schema":{"@context":"https:\/\/schema.org","@graph":[{"@type":"WebPage","@id":"https:\/\/aloclick.com\/es\/consultoria-comercial\/","url":"https:\/\/aloclick.com\/es\/consultoria-comercial\/","name":"Consultoria comercial profesional","isPartOf":{"@id":"https:\/\/aloclick.com\/es\/#website"},"datePublished":"2014-05-18T19:15:21+00:00","dateModified":"2023-11-05T20:06:16+00:00","description":"Servicios de consultoria comercial, para asesorarte en todo lo necesario para iniciar tu emprendimiento. desde la publicidad hasta la gestion comercial","breadcrumb":{"@id":"https:\/\/aloclick.com\/es\/consultoria-comercial\/#breadcrumb"},"inLanguage":"es","potentialAction":[{"@type":"ReadAction","target":["https:\/\/aloclick.com\/es\/consultoria-comercial\/"]}]},{"@type":"BreadcrumbList","@id":"https:\/\/aloclick.com\/es\/consultoria-comercial\/#breadcrumb","itemListElement":[{"@type":"ListItem","position":1,"name":"Portada","item":"https:\/\/aloclick.com\/es\/"},{"@type":"ListItem","position":2,"name":"Consultor\u00eda Comercial"}]},{"@type":"WebSite","@id":"https:\/\/aloclick.com\/es\/#website","url":"https:\/\/aloclick.com\/es\/","name":"Aloclick","description":"Agencia de Marketing Digital, Dise\u00f1o y Branding","publisher":{"@id":"https:\/\/aloclick.com\/es\/#organization"},"potentialAction":[{"@type":"SearchAction","target":{"@type":"EntryPoint","urlTemplate":"https:\/\/aloclick.com\/es\/?s={search_term_string}"},"query-input":{"@type":"PropertyValueSpecification","valueRequired":true,"valueName":"search_term_string"}}],"inLanguage":"es"},{"@type":"Organization","@id":"https:\/\/aloclick.com\/es\/#organization","name":"Aloclick","url":"https:\/\/aloclick.com\/es\/","logo":{"@type":"ImageObject","inLanguage":"es","@id":"https:\/\/aloclick.com\/es\/#\/schema\/logo\/image\/","url":"https:\/\/aloclick.com\/es\/wp-content\/uploads\/2020\/09\/logo-aloclick-digital-agency-blanco-cuadrado-2020.fw_.png","contentUrl":"https:\/\/aloclick.com\/es\/wp-content\/uploads\/2020\/09\/logo-aloclick-digital-agency-blanco-cuadrado-2020.fw_.png","width":600,"height":600,"caption":"Aloclick"},"image":{"@id":"https:\/\/aloclick.com\/es\/#\/schema\/logo\/image\/"},"sameAs":["https:\/\/www.facebook.com\/aloclick","https:\/\/x.com\/aloclick","https:\/\/www.instagram.com\/aloclick\/","https:\/\/www.linkedin.com\/company\/aloclick","https:\/\/es.pinterest.com\/aloclick\/","https:\/\/www.youtube.com\/channel\/UCwrcPjBaPw-WFyEKuuGggBw"]}]}},"_links":{"self":[{"href":"https:\/\/aloclick.com\/es\/wp-json\/wp\/v2\/pages\/260","targetHints":{"allow":["GET"]}}],"collection":[{"href":"https:\/\/aloclick.com\/es\/wp-json\/wp\/v2\/pages"}],"about":[{"href":"https:\/\/aloclick.com\/es\/wp-json\/wp\/v2\/types\/page"}],"author":[{"embeddable":true,"href":"https:\/\/aloclick.com\/es\/wp-json\/wp\/v2\/users\/1"}],"replies":[{"embeddable":true,"href":"https:\/\/aloclick.com\/es\/wp-json\/wp\/v2\/comments?post=260"}],"version-history":[{"count":15,"href":"https:\/\/aloclick.com\/es\/wp-json\/wp\/v2\/pages\/260\/revisions"}],"predecessor-version":[{"id":217095,"href":"https:\/\/aloclick.com\/es\/wp-json\/wp\/v2\/pages\/260\/revisions\/217095"}],"wp:attachment":[{"href":"https:\/\/aloclick.com\/es\/wp-json\/wp\/v2\/media?parent=260"}],"curies":[{"name":"wp","href":"https:\/\/api.w.org\/{rel}","templated":true}]}}