{"id":561,"date":"2014-06-02T20:52:26","date_gmt":"2014-06-02T20:52:26","guid":{"rendered":"http:\/\/aloclick.com\/es\/?page_id=561"},"modified":"2026-01-06T10:09:30","modified_gmt":"2026-01-06T13:09:30","slug":"politicas-de-privacidad-aloclick-com","status":"publish","type":"page","link":"https:\/\/aloclick.com\/es\/politicas-de-privacidad-aloclick-com\/","title":{"rendered":"Pol\u00edticas de Privacidad Aloclick.com"},"content":{"rendered":"[et_pb_section fb_built=&#8221;1&#8243; inner_shadow=&#8221;on&#8221; fullwidth=&#8221;on&#8221; module_id=&#8221;SOCIALPACK&#8221; _builder_version=&#8221;4.27.5&#8243; background_color=&#8221;#0DA0C5&#8243; background_image=&#8221;http:\/\/aloclick.com\/es\/wp-content\/uploads\/2014\/04\/fondo6.jpg&#8221; hover_enabled=&#8221;0&#8243; global_colors_info=&#8221;{}&#8221; sticky_enabled=&#8221;0&#8243; da_is_popup=&#8221;off&#8221; da_exit_intent=&#8221;off&#8221; da_has_close=&#8221;on&#8221; da_alt_close=&#8221;off&#8221; da_dark_close=&#8221;off&#8221; da_not_modal=&#8221;on&#8221; da_is_singular=&#8221;off&#8221; da_with_loader=&#8221;off&#8221; da_has_shadow=&#8221;on&#8221; da_disable_devices=&#8221;off|off|off&#8221;][et_pb_fullwidth_header title=&#8221;Seriedad en el tratamiento de Tu Informaci\u00f3n&#8221; subhead=&#8221;Conoce nuestras pol\u00edticas de privacidad&#8221; admin_label=&#8221;Fullwidth Header&#8221; _builder_version=&#8221;4.27.5&#8243; background_color=&#8221;rgba(255, 255, 255, 0)&#8221; background_layout=&#8221;light&#8221; hover_enabled=&#8221;0&#8243; global_colors_info=&#8221;{}&#8221; button_one_text_size__hover_enabled=&#8221;off&#8221; button_two_text_size__hover_enabled=&#8221;off&#8221; button_one_text_color__hover_enabled=&#8221;off&#8221; button_two_text_color__hover_enabled=&#8221;off&#8221; button_one_border_width__hover_enabled=&#8221;off&#8221; button_two_border_width__hover_enabled=&#8221;off&#8221; button_one_border_color__hover_enabled=&#8221;off&#8221; button_two_border_color__hover_enabled=&#8221;off&#8221; button_one_border_radius__hover_enabled=&#8221;off&#8221; button_two_border_radius__hover_enabled=&#8221;off&#8221; button_one_letter_spacing__hover_enabled=&#8221;off&#8221; button_two_letter_spacing__hover_enabled=&#8221;off&#8221; button_one_bg_color__hover_enabled=&#8221;off&#8221; button_two_bg_color__hover_enabled=&#8221;off&#8221; title_font=&#8221;OPENSAUCEONE-SEMIBOLD||||||||&#8221; sticky_enabled=&#8221;0&#8243; title_text_color=&#8221;#FFFFFF&#8221; subhead_font=&#8221;OPENSAUCEONE-REGULAR||||||||&#8221; subhead_text_color=&#8221;#FFFFFF&#8221;][\/et_pb_fullwidth_header][\/et_pb_section][et_pb_section fb_built=&#8221;1&#8243; _builder_version=&#8221;4.16&#8243; global_colors_info=&#8221;{}&#8221; da_is_popup=&#8221;off&#8221; da_exit_intent=&#8221;off&#8221; da_has_close=&#8221;on&#8221; da_alt_close=&#8221;off&#8221; da_dark_close=&#8221;off&#8221; da_not_modal=&#8221;on&#8221; da_is_singular=&#8221;off&#8221; da_with_loader=&#8221;off&#8221; da_has_shadow=&#8221;on&#8221; da_disable_devices=&#8221;off|off|off&#8221;][et_pb_row _builder_version=&#8221;4.16&#8243; background_size=&#8221;initial&#8221; background_position=&#8221;top_left&#8221; background_repeat=&#8221;repeat&#8221; global_colors_info=&#8221;{}&#8221; column_structure=&#8221;1_4,3_4&#8243;][et_pb_column type=&#8221;1_4&#8243; _builder_version=&#8221;4.16&#8243; custom_padding=&#8221;|||&#8221; global_colors_info=&#8221;{}&#8221; custom_padding__hover=&#8221;|||&#8221;][et_pb_image src=&#8221;https:\/\/aloclick.com\/es\/wp-content\/uploads\/2026\/01\/privacy.jpg&#8221; align_tablet=&#8221;center&#8221; align_last_edited=&#8221;on|desktop&#8221; admin_label=&#8221;Image&#8221; _builder_version=&#8221;4.27.5&#8243; animation_style=&#8221;slide&#8221; animation_direction=&#8221;left&#8221; animation_duration=&#8221;500ms&#8221; animation_intensity_slide=&#8221;10%&#8221; hover_enabled=&#8221;0&#8243; animation=&#8221;left&#8221; global_colors_info=&#8221;{}&#8221; title_text=&#8221;privacy&#8221; sticky_enabled=&#8221;0&#8243; align_phone=&#8221;center&#8221;][\/et_pb_image][\/et_pb_column][et_pb_column type=&#8221;3_4&#8243; _builder_version=&#8221;4.16&#8243; custom_padding=&#8221;|||&#8221; global_colors_info=&#8221;{}&#8221; custom_padding__hover=&#8221;|||&#8221;][et_pb_text admin_label=&#8221;Text&#8221; _builder_version=&#8221;4.27.5&#8243; background_size=&#8221;initial&#8221; background_position=&#8221;top_left&#8221; background_repeat=&#8221;repeat&#8221; hover_enabled=&#8221;0&#8243; global_colors_info=&#8221;{}&#8221; sticky_enabled=&#8221;0&#8243;]\n<p class=\"textopolit\">En Aloclick, hemos adoptado una serie de directrices de gesti\u00f3n de la informaci\u00f3n que constituyen la base de nuestras relaciones con los clientes. Los cambios que se produzcan en estas pol\u00edticas se publicar\u00e1n en esta p\u00e1gina.<\/p>\n<p class=\"textopolit\"><strong>\u00bfQu\u00e9 informaci\u00f3n recopila Aloclick de sus clientes?<\/strong><br \/>Aloclick requiere que los clientes proporcionen datos personales, como el nombre, la empresa, el n\u00famero de tel\u00e9fono y la direcci\u00f3n de correo electr\u00f3nico, a fin de poder uilizar nuestros servicios, recibir pedidos y otros materiales informativos y corporativos espec\u00edficos. Aloclick tambi\u00e9n registra las direcciones IP, datos sobre el explorador Web, informaci\u00f3n de referencia y las p\u00e1ginas visitadas, a fin de mejorar tanto la navegaci\u00f3n como el marketing del sitio Web.<\/p>\n<p class=\"textopolit\"><strong>\u00bfQu\u00e9 hace Aloclick\u00a0con la informaci\u00f3n que recopila?<\/strong><br \/>Aloclick o sus representantes realizar\u00e1n a menudo un seguimiento por correo electr\u00f3nico, tel\u00e9fono o correo de las personas que han rellenado formularios y han descargado software de evaluaci\u00f3n u otros datos del sitio Web.<\/p>\n<p class=\"textopolit\">Aloclick utiliza las direcciones de correo electr\u00f3nico suministradas en el registro para enviar peri\u00f3dicamente mensajes promocionales sobre nuevos productos, mejoras de productos y ofertas especiales. Aloclick retirar\u00e1 a petici\u00f3n de un suscriptor sus datos personales de la base de datos, y ofrece a los suscriptores la posibilidad de &#8220;dejar de ponerse en contacto&#8221; con ellos y la opci\u00f3n de modificar o corregir los datos personales err\u00f3neos que se indiquen.<\/p>\n<p class=\"textopolit\"><strong>\u00bfCon qui\u00e9n compartir\u00e1 Aloclick\u00a0la informaci\u00f3n recopilada?<\/strong><br \/>Aloclick no revelar\u00e1 los datos personales de ning\u00fan suscriptor individual a terceros. No obstante, Aloclick se reserva el derecho de compartir informaci\u00f3n personal con sus vendedores, distribuidores, mayoristas y oficinas globales con objeto de proporcionar a los clientes un servicio personalizado de gran calidad. Este proceso suele incluir el env\u00edo a otros pa\u00edses de la informaci\u00f3n personal recopilada a trav\u00e9s de los formularios del sitio Web.<\/p>\n<p class=\"textopolit\"><b>Solicita la eliminaci\u00f3n de datos<\/b><br \/>En cualquier momento, puedes solicitarnos que eliminemos tus datos de nuestras bases de datos, para hacerlo, solo escribe un email a <a href=\"mailto:info@aloclick.com\">info@aloclick.com<\/a>\u00a0con el texto &#8220;favor de eliminar mis datos&#8221;, en el asunto. Recuerda enviar el pedido, desde la misma casilla de email con la que oportunamente hiciste alguna consulta o solicitaste nuestros servicios.<\/p>\n[\/et_pb_text][\/et_pb_column][\/et_pb_row][\/et_pb_section]\n","protected":false},"excerpt":{"rendered":"<p>En Aloclick, hemos adoptado una serie de directrices de gesti\u00f3n de la informaci\u00f3n que constituyen la base de nuestras relaciones con los clientes. Los cambios que se produzcan en estas pol\u00edticas se publicar\u00e1n en esta p\u00e1gina. \u00bfQu\u00e9 informaci\u00f3n recopila Aloclick de sus clientes?Aloclick requiere que los clientes proporcionen datos personales, como el nombre, la empresa, [&hellip;]<\/p>\n","protected":false},"author":1,"featured_media":0,"parent":0,"menu_order":0,"comment_status":"open","ping_status":"open","template":"","meta":{"_et_pb_use_builder":"on","_et_pb_old_content":"","_et_gb_content_width":"","footnotes":""},"class_list":["post-561","page","type-page","status-publish","hentry"],"yoast_head":"<!-- This site is optimized with the Yoast SEO plugin v27.5 - https:\/\/yoast.com\/product\/yoast-seo-wordpress\/ -->\n<title>Pol\u00edticas de Privacidad Aloclick.com<\/title>\n<meta name=\"robots\" content=\"index, follow, max-snippet:-1, max-image-preview:large, max-video-preview:-1\" \/>\n<link rel=\"canonical\" href=\"https:\/\/aloclick.com\/es\/politicas-de-privacidad-aloclick-com\/\" \/>\n<meta property=\"og:locale\" content=\"es_ES\" \/>\n<meta property=\"og:type\" content=\"article\" \/>\n<meta property=\"og:title\" content=\"Pol\u00edticas de Privacidad Aloclick.com\" \/>\n<meta property=\"og:description\" content=\"En Aloclick, hemos adoptado una serie de directrices de gesti\u00f3n de la informaci\u00f3n que constituyen la base de nuestras relaciones con los clientes. Los cambios que se produzcan en estas pol\u00edticas se publicar\u00e1n en esta p\u00e1gina. \u00bfQu\u00e9 informaci\u00f3n recopila Aloclick de sus clientes?Aloclick requiere que los clientes proporcionen datos personales, como el nombre, la empresa, [&hellip;]\" \/>\n<meta property=\"og:url\" content=\"https:\/\/aloclick.com\/es\/politicas-de-privacidad-aloclick-com\/\" \/>\n<meta property=\"og:site_name\" content=\"Aloclick\" \/>\n<meta property=\"article:publisher\" content=\"https:\/\/www.facebook.com\/aloclick\" \/>\n<meta property=\"article:modified_time\" content=\"2026-01-06T13:09:30+00:00\" \/>\n<meta name=\"twitter:card\" content=\"summary_large_image\" \/>\n<meta name=\"twitter:site\" content=\"@aloclick\" \/>\n<meta name=\"twitter:label1\" content=\"Tiempo de lectura\" \/>\n\t<meta name=\"twitter:data1\" content=\"4 minutos\" \/>\n<script type=\"application\/ld+json\" class=\"yoast-schema-graph\">{\"@context\":\"https:\\\/\\\/schema.org\",\"@graph\":[{\"@type\":\"WebPage\",\"@id\":\"https:\\\/\\\/aloclick.com\\\/es\\\/politicas-de-privacidad-aloclick-com\\\/\",\"url\":\"https:\\\/\\\/aloclick.com\\\/es\\\/politicas-de-privacidad-aloclick-com\\\/\",\"name\":\"Pol\u00edticas de Privacidad Aloclick.com\",\"isPartOf\":{\"@id\":\"https:\\\/\\\/aloclick.com\\\/es\\\/#website\"},\"datePublished\":\"2014-06-02T20:52:26+00:00\",\"dateModified\":\"2026-01-06T13:09:30+00:00\",\"breadcrumb\":{\"@id\":\"https:\\\/\\\/aloclick.com\\\/es\\\/politicas-de-privacidad-aloclick-com\\\/#breadcrumb\"},\"inLanguage\":\"es\",\"potentialAction\":[{\"@type\":\"ReadAction\",\"target\":[\"https:\\\/\\\/aloclick.com\\\/es\\\/politicas-de-privacidad-aloclick-com\\\/\"]}]},{\"@type\":\"BreadcrumbList\",\"@id\":\"https:\\\/\\\/aloclick.com\\\/es\\\/politicas-de-privacidad-aloclick-com\\\/#breadcrumb\",\"itemListElement\":[{\"@type\":\"ListItem\",\"position\":1,\"name\":\"Portada\",\"item\":\"https:\\\/\\\/aloclick.com\\\/es\\\/\"},{\"@type\":\"ListItem\",\"position\":2,\"name\":\"Pol\u00edticas de Privacidad Aloclick.com\"}]},{\"@type\":\"WebSite\",\"@id\":\"https:\\\/\\\/aloclick.com\\\/es\\\/#website\",\"url\":\"https:\\\/\\\/aloclick.com\\\/es\\\/\",\"name\":\"Aloclick\",\"description\":\"Agencia de Marketing Digital, Dise\u00f1o y Branding\",\"publisher\":{\"@id\":\"https:\\\/\\\/aloclick.com\\\/es\\\/#organization\"},\"potentialAction\":[{\"@type\":\"SearchAction\",\"target\":{\"@type\":\"EntryPoint\",\"urlTemplate\":\"https:\\\/\\\/aloclick.com\\\/es\\\/?s={search_term_string}\"},\"query-input\":{\"@type\":\"PropertyValueSpecification\",\"valueRequired\":true,\"valueName\":\"search_term_string\"}}],\"inLanguage\":\"es\"},{\"@type\":\"Organization\",\"@id\":\"https:\\\/\\\/aloclick.com\\\/es\\\/#organization\",\"name\":\"Aloclick\",\"url\":\"https:\\\/\\\/aloclick.com\\\/es\\\/\",\"logo\":{\"@type\":\"ImageObject\",\"inLanguage\":\"es\",\"@id\":\"https:\\\/\\\/aloclick.com\\\/es\\\/#\\\/schema\\\/logo\\\/image\\\/\",\"url\":\"https:\\\/\\\/aloclick.com\\\/es\\\/wp-content\\\/uploads\\\/2020\\\/09\\\/logo-aloclick-digital-agency-blanco-cuadrado-2020.fw_.png\",\"contentUrl\":\"https:\\\/\\\/aloclick.com\\\/es\\\/wp-content\\\/uploads\\\/2020\\\/09\\\/logo-aloclick-digital-agency-blanco-cuadrado-2020.fw_.png\",\"width\":600,\"height\":600,\"caption\":\"Aloclick\"},\"image\":{\"@id\":\"https:\\\/\\\/aloclick.com\\\/es\\\/#\\\/schema\\\/logo\\\/image\\\/\"},\"sameAs\":[\"https:\\\/\\\/www.facebook.com\\\/aloclick\",\"https:\\\/\\\/x.com\\\/aloclick\",\"https:\\\/\\\/www.instagram.com\\\/aloclick\\\/\",\"https:\\\/\\\/www.linkedin.com\\\/company\\\/aloclick\",\"https:\\\/\\\/es.pinterest.com\\\/aloclick\\\/\",\"https:\\\/\\\/www.youtube.com\\\/channel\\\/UCwrcPjBaPw-WFyEKuuGggBw\"]}]}<\/script>\n<!-- \/ Yoast SEO plugin. -->","yoast_head_json":{"title":"Pol\u00edticas de Privacidad Aloclick.com","robots":{"index":"index","follow":"follow","max-snippet":"max-snippet:-1","max-image-preview":"max-image-preview:large","max-video-preview":"max-video-preview:-1"},"canonical":"https:\/\/aloclick.com\/es\/politicas-de-privacidad-aloclick-com\/","og_locale":"es_ES","og_type":"article","og_title":"Pol\u00edticas de Privacidad Aloclick.com","og_description":"En Aloclick, hemos adoptado una serie de directrices de gesti\u00f3n de la informaci\u00f3n que constituyen la base de nuestras relaciones con los clientes. Los cambios que se produzcan en estas pol\u00edticas se publicar\u00e1n en esta p\u00e1gina. \u00bfQu\u00e9 informaci\u00f3n recopila Aloclick de sus clientes?Aloclick requiere que los clientes proporcionen datos personales, como el nombre, la empresa, [&hellip;]","og_url":"https:\/\/aloclick.com\/es\/politicas-de-privacidad-aloclick-com\/","og_site_name":"Aloclick","article_publisher":"https:\/\/www.facebook.com\/aloclick","article_modified_time":"2026-01-06T13:09:30+00:00","twitter_card":"summary_large_image","twitter_site":"@aloclick","twitter_misc":{"Tiempo de lectura":"4 minutos"},"schema":{"@context":"https:\/\/schema.org","@graph":[{"@type":"WebPage","@id":"https:\/\/aloclick.com\/es\/politicas-de-privacidad-aloclick-com\/","url":"https:\/\/aloclick.com\/es\/politicas-de-privacidad-aloclick-com\/","name":"Pol\u00edticas de Privacidad Aloclick.com","isPartOf":{"@id":"https:\/\/aloclick.com\/es\/#website"},"datePublished":"2014-06-02T20:52:26+00:00","dateModified":"2026-01-06T13:09:30+00:00","breadcrumb":{"@id":"https:\/\/aloclick.com\/es\/politicas-de-privacidad-aloclick-com\/#breadcrumb"},"inLanguage":"es","potentialAction":[{"@type":"ReadAction","target":["https:\/\/aloclick.com\/es\/politicas-de-privacidad-aloclick-com\/"]}]},{"@type":"BreadcrumbList","@id":"https:\/\/aloclick.com\/es\/politicas-de-privacidad-aloclick-com\/#breadcrumb","itemListElement":[{"@type":"ListItem","position":1,"name":"Portada","item":"https:\/\/aloclick.com\/es\/"},{"@type":"ListItem","position":2,"name":"Pol\u00edticas de Privacidad Aloclick.com"}]},{"@type":"WebSite","@id":"https:\/\/aloclick.com\/es\/#website","url":"https:\/\/aloclick.com\/es\/","name":"Aloclick","description":"Agencia de Marketing Digital, Dise\u00f1o y Branding","publisher":{"@id":"https:\/\/aloclick.com\/es\/#organization"},"potentialAction":[{"@type":"SearchAction","target":{"@type":"EntryPoint","urlTemplate":"https:\/\/aloclick.com\/es\/?s={search_term_string}"},"query-input":{"@type":"PropertyValueSpecification","valueRequired":true,"valueName":"search_term_string"}}],"inLanguage":"es"},{"@type":"Organization","@id":"https:\/\/aloclick.com\/es\/#organization","name":"Aloclick","url":"https:\/\/aloclick.com\/es\/","logo":{"@type":"ImageObject","inLanguage":"es","@id":"https:\/\/aloclick.com\/es\/#\/schema\/logo\/image\/","url":"https:\/\/aloclick.com\/es\/wp-content\/uploads\/2020\/09\/logo-aloclick-digital-agency-blanco-cuadrado-2020.fw_.png","contentUrl":"https:\/\/aloclick.com\/es\/wp-content\/uploads\/2020\/09\/logo-aloclick-digital-agency-blanco-cuadrado-2020.fw_.png","width":600,"height":600,"caption":"Aloclick"},"image":{"@id":"https:\/\/aloclick.com\/es\/#\/schema\/logo\/image\/"},"sameAs":["https:\/\/www.facebook.com\/aloclick","https:\/\/x.com\/aloclick","https:\/\/www.instagram.com\/aloclick\/","https:\/\/www.linkedin.com\/company\/aloclick","https:\/\/es.pinterest.com\/aloclick\/","https:\/\/www.youtube.com\/channel\/UCwrcPjBaPw-WFyEKuuGggBw"]}]}},"_links":{"self":[{"href":"https:\/\/aloclick.com\/es\/wp-json\/wp\/v2\/pages\/561","targetHints":{"allow":["GET"]}}],"collection":[{"href":"https:\/\/aloclick.com\/es\/wp-json\/wp\/v2\/pages"}],"about":[{"href":"https:\/\/aloclick.com\/es\/wp-json\/wp\/v2\/types\/page"}],"author":[{"embeddable":true,"href":"https:\/\/aloclick.com\/es\/wp-json\/wp\/v2\/users\/1"}],"replies":[{"embeddable":true,"href":"https:\/\/aloclick.com\/es\/wp-json\/wp\/v2\/comments?post=561"}],"version-history":[{"count":2,"href":"https:\/\/aloclick.com\/es\/wp-json\/wp\/v2\/pages\/561\/revisions"}],"predecessor-version":[{"id":221569,"href":"https:\/\/aloclick.com\/es\/wp-json\/wp\/v2\/pages\/561\/revisions\/221569"}],"wp:attachment":[{"href":"https:\/\/aloclick.com\/es\/wp-json\/wp\/v2\/media?parent=561"}],"curies":[{"name":"wp","href":"https:\/\/api.w.org\/{rel}","templated":true}]}}